{"id":10,"date":"2023-02-24T16:10:40","date_gmt":"2023-02-24T16:10:40","guid":{"rendered":"https:\/\/web.rkinformatika.net\/malibimarkina\/?page_id=10"},"modified":"2023-03-30T16:20:31","modified_gmt":"2023-03-30T16:20:31","slug":"productos-2","status":"publish","type":"page","link":"https:\/\/malibimarkina.com\/pt\/productos-2\/","title":{"rendered":"Produtos"},"content":{"rendered":"<div data-elementor-type=\"wp-page\" data-elementor-id=\"10\" class=\"elementor elementor-10\" data-elementor-post-type=\"page\">\n\t\t\t\t\t\t<section class=\"elementor-section elementor-top-section elementor-element elementor-element-c01ba92 elementor-section-boxed elementor-section-height-default elementor-section-height-default\" data-id=\"c01ba92\" data-element_type=\"section\" data-e-type=\"section\">\n\t\t\t\t\t\t<div class=\"elementor-container elementor-column-gap-default\">\n\t\t\t\t\t<div class=\"elementor-column elementor-col-100 elementor-top-column elementor-element elementor-element-6d8ea56\" data-id=\"6d8ea56\" data-element_type=\"column\" data-e-type=\"column\">\n\t\t\t<div class=\"elementor-widget-wrap elementor-element-populated\">\n\t\t\t\t\t\t<div class=\"elementor-element elementor-element-593ecde elementor-widget elementor-widget-heading\" data-id=\"593ecde\" data-element_type=\"widget\" data-e-type=\"widget\" data-widget_type=\"heading.default\">\n\t\t\t\t<div class=\"elementor-widget-container\">\n\t\t\t\t\t<h3 class=\"elementor-heading-title elementor-size-default\">Nossos produtos<\/h3>\t\t\t\t<\/div>\n\t\t\t\t<\/div>\n\t\t\t\t\t<\/div>\n\t\t<\/div>\n\t\t\t\t\t<\/div>\n\t\t<\/section>\n\t\t\t\t<section class=\"elementor-section elementor-top-section elementor-element elementor-element-e3ea813 elementor-section-boxed elementor-section-height-default elementor-section-height-default\" data-id=\"e3ea813\" data-element_type=\"section\" data-e-type=\"section\">\n\t\t\t\t\t\t<div class=\"elementor-container elementor-column-gap-default\">\n\t\t\t\t\t<div class=\"elementor-column elementor-col-25 elementor-top-column elementor-element elementor-element-90ed08a\" data-id=\"90ed08a\" data-element_type=\"column\" data-e-type=\"column\">\n\t\t\t<div class=\"elementor-widget-wrap elementor-element-populated\">\n\t\t\t\t\t\t<div class=\"elementor-element elementor-element-6759442 elementor-position-top elementor-widget elementor-widget-image-box\" data-id=\"6759442\" data-element_type=\"widget\" data-e-type=\"widget\" data-widget_type=\"image-box.default\">\n\t\t\t\t<div class=\"elementor-widget-container\">\n\t\t\t\t\t<div class=\"elementor-image-box-wrapper\"><figure class=\"elementor-image-box-img\"><a href=\"https:\/\/malibimarkina.com\/index.php\/cable-calefactor-flexible\/\" tabindex=\"-1\"><img decoding=\"async\" src=\"https:\/\/malibimarkina.com\/wp-content\/uploads\/2023\/03\/prod01.jpg\" title=\"prod01\" alt=\"prod01\" loading=\"lazy\" \/><\/a><\/figure><div class=\"elementor-image-box-content\"><h4 class=\"elementor-image-box-title\"><a href=\"https:\/\/malibimarkina.com\/index.php\/cable-calefactor-flexible\/\">CABO DE AQUECIMENTO FLEX\u00cdVEL<\/a><\/h4><\/div><\/div>\t\t\t\t<\/div>\n\t\t\t\t<\/div>\n\t\t\t\t<div class=\"elementor-element elementor-element-89a356f elementor-align-center elementor-widget elementor-widget-button\" data-id=\"89a356f\" data-element_type=\"widget\" data-e-type=\"widget\" data-widget_type=\"button.default\">\n\t\t\t\t<div class=\"elementor-widget-container\">\n\t\t\t\t\t\t\t\t\t<div class=\"elementor-button-wrapper\">\n\t\t\t\t\t<a class=\"elementor-button elementor-button-link elementor-size-sm\" href=\"https:\/\/malibimarkina.com\/index.php\/cable-calefactor-flexible\/\">\n\t\t\t\t\t\t<span class=\"elementor-button-content-wrapper\">\n\t\t\t\t\t\t\t\t\t<span class=\"elementor-button-text\">+ INFORMACI\u00d3N<\/span>\n\t\t\t\t\t<\/span>\n\t\t\t\t\t<\/a>\n\t\t\t\t<\/div>\n\t\t\t\t\t\t\t\t<\/div>\n\t\t\t\t<\/div>\n\t\t\t\t\t<\/div>\n\t\t<\/div>\n\t\t\t\t<div class=\"elementor-column elementor-col-25 elementor-top-column elementor-element elementor-element-ed6b780\" data-id=\"ed6b780\" data-element_type=\"column\" data-e-type=\"column\">\n\t\t\t<div class=\"elementor-widget-wrap elementor-element-populated\">\n\t\t\t\t\t\t<div class=\"elementor-element elementor-element-2501e68 elementor-position-top elementor-widget elementor-widget-image-box\" data-id=\"2501e68\" data-element_type=\"widget\" data-e-type=\"widget\" data-widget_type=\"image-box.default\">\n\t\t\t\t<div class=\"elementor-widget-container\">\n\t\t\t\t\t<div class=\"elementor-image-box-wrapper\"><figure class=\"elementor-image-box-img\"><a href=\"https:\/\/malibimarkina.com\/index.php\/ceramica-electrotermica\/\" tabindex=\"-1\"><img decoding=\"async\" width=\"113\" height=\"52\" src=\"https:\/\/malibimarkina.com\/wp-content\/uploads\/2023\/03\/prod02.jpg\" class=\"attachment-full size-full wp-image-264\" alt=\"\" \/><\/a><\/figure><div class=\"elementor-image-box-content\"><h4 class=\"elementor-image-box-title\"><a href=\"https:\/\/malibimarkina.com\/index.php\/ceramica-electrotermica\/\">CER\u00c2MICA ELETROT\u00c9RMICA<\/a><\/h4><\/div><\/div>\t\t\t\t<\/div>\n\t\t\t\t<\/div>\n\t\t\t\t<div class=\"elementor-element elementor-element-38188fe elementor-align-center elementor-widget elementor-widget-button\" data-id=\"38188fe\" data-element_type=\"widget\" data-e-type=\"widget\" data-widget_type=\"button.default\">\n\t\t\t\t<div class=\"elementor-widget-container\">\n\t\t\t\t\t\t\t\t\t<div class=\"elementor-button-wrapper\">\n\t\t\t\t\t<a class=\"elementor-button elementor-button-link elementor-size-sm\" href=\"https:\/\/malibimarkina.com\/index.php\/ceramica-electrotermica\/\">\n\t\t\t\t\t\t<span class=\"elementor-button-content-wrapper\">\n\t\t\t\t\t\t\t\t\t<span class=\"elementor-button-text\">+ IINFORMACI\u00d3N<\/span>\n\t\t\t\t\t<\/span>\n\t\t\t\t\t<\/a>\n\t\t\t\t<\/div>\n\t\t\t\t\t\t\t\t<\/div>\n\t\t\t\t<\/div>\n\t\t\t\t\t<\/div>\n\t\t<\/div>\n\t\t\t\t<div class=\"elementor-column elementor-col-25 elementor-top-column elementor-element elementor-element-947e011\" data-id=\"947e011\" data-element_type=\"column\" data-e-type=\"column\">\n\t\t\t<div class=\"elementor-widget-wrap elementor-element-populated\">\n\t\t\t\t\t\t<div class=\"elementor-element elementor-element-91ee727 elementor-position-top elementor-widget elementor-widget-image-box\" data-id=\"91ee727\" data-element_type=\"widget\" data-e-type=\"widget\" data-widget_type=\"image-box.default\">\n\t\t\t\t<div class=\"elementor-widget-container\">\n\t\t\t\t\t<div class=\"elementor-image-box-wrapper\"><figure class=\"elementor-image-box-img\"><a href=\"https:\/\/malibimarkina.com\/index.php\/resistencias-blindadas\/\" tabindex=\"-1\"><img decoding=\"async\" width=\"113\" height=\"52\" src=\"https:\/\/malibimarkina.com\/wp-content\/uploads\/2023\/03\/prod03.jpg\" class=\"attachment-full size-full wp-image-265\" alt=\"\" \/><\/a><\/figure><div class=\"elementor-image-box-content\"><h4 class=\"elementor-image-box-title\"><a href=\"https:\/\/malibimarkina.com\/index.php\/resistencias-blindadas\/\">RESISTENCIAS BLINDADAS<\/a><\/h4><\/div><\/div>\t\t\t\t<\/div>\n\t\t\t\t<\/div>\n\t\t\t\t<div class=\"elementor-element elementor-element-655592c elementor-align-center elementor-widget elementor-widget-button\" data-id=\"655592c\" data-element_type=\"widget\" data-e-type=\"widget\" data-widget_type=\"button.default\">\n\t\t\t\t<div class=\"elementor-widget-container\">\n\t\t\t\t\t\t\t\t\t<div class=\"elementor-button-wrapper\">\n\t\t\t\t\t<a class=\"elementor-button elementor-button-link elementor-size-sm\" href=\"https:\/\/malibimarkina.com\/index.php\/resistencias-blindadas\/\">\n\t\t\t\t\t\t<span class=\"elementor-button-content-wrapper\">\n\t\t\t\t\t\t\t\t\t<span class=\"elementor-button-text\">+ INFORMACI\u00d3N<\/span>\n\t\t\t\t\t<\/span>\n\t\t\t\t\t<\/a>\n\t\t\t\t<\/div>\n\t\t\t\t\t\t\t\t<\/div>\n\t\t\t\t<\/div>\n\t\t\t\t\t<\/div>\n\t\t<\/div>\n\t\t\t\t<div class=\"elementor-column elementor-col-25 elementor-top-column elementor-element elementor-element-8a5c9ef\" data-id=\"8a5c9ef\" data-element_type=\"column\" data-e-type=\"column\">\n\t\t\t<div class=\"elementor-widget-wrap elementor-element-populated\">\n\t\t\t\t\t\t<div class=\"elementor-element elementor-element-23eb699 elementor-position-top elementor-widget elementor-widget-image-box\" data-id=\"23eb699\" data-element_type=\"widget\" data-e-type=\"widget\" data-widget_type=\"image-box.default\">\n\t\t\t\t<div class=\"elementor-widget-container\">\n\t\t\t\t\t<div class=\"elementor-image-box-wrapper\"><figure class=\"elementor-image-box-img\"><a href=\"https:\/\/malibimarkina.com\/index.php\/bornas-unipolares\/\" tabindex=\"-1\"><img decoding=\"async\" width=\"113\" height=\"52\" src=\"https:\/\/malibimarkina.com\/wp-content\/uploads\/2023\/03\/prod04.jpg\" class=\"attachment-full size-full wp-image-266\" alt=\"\" \/><\/a><\/figure><div class=\"elementor-image-box-content\"><h4 class=\"elementor-image-box-title\"><a href=\"https:\/\/malibimarkina.com\/index.php\/bornas-unipolares\/\">TERMINAIS DE DERIVA\u00c7\u00c3O<\/a><\/h4><\/div><\/div>\t\t\t\t<\/div>\n\t\t\t\t<\/div>\n\t\t\t\t<div class=\"elementor-element elementor-element-0fad354 elementor-align-center elementor-widget elementor-widget-button\" data-id=\"0fad354\" data-element_type=\"widget\" data-e-type=\"widget\" data-widget_type=\"button.default\">\n\t\t\t\t<div class=\"elementor-widget-container\">\n\t\t\t\t\t\t\t\t\t<div class=\"elementor-button-wrapper\">\n\t\t\t\t\t<a class=\"elementor-button elementor-button-link elementor-size-sm\" href=\"https:\/\/malibimarkina.com\/index.php\/bornas-unipolares\/\">\n\t\t\t\t\t\t<span class=\"elementor-button-content-wrapper\">\n\t\t\t\t\t\t\t\t\t<span class=\"elementor-button-text\">+ INFORMACI\u00d3N<\/span>\n\t\t\t\t\t<\/span>\n\t\t\t\t\t<\/a>\n\t\t\t\t<\/div>\n\t\t\t\t\t\t\t\t<\/div>\n\t\t\t\t<\/div>\n\t\t\t\t\t<\/div>\n\t\t<\/div>\n\t\t\t\t\t<\/div>\n\t\t<\/section>\n\t\t\t\t<\/div>","protected":false},"excerpt":{"rendered":"<p>Nuestros Productos CABLE CALEFACTOR FLEXIBLE + INFORMACI\u00d3N CER\u00c1MICA ELECTROTERMICA + IINFORMACI\u00d3N RESISTENCIAS BLINDADAS + INFORMACI\u00d3N BORNAS DE DERIVACI\u00d3N + INFORMACI\u00d3N<\/p>","protected":false},"author":1,"featured_media":0,"parent":0,"menu_order":0,"comment_status":"closed","ping_status":"closed","template":"elementor_canvas","meta":{"footnotes":""},"class_list":["post-10","page","type-page","status-publish","hentry"],"yoast_head":"<!-- This site is optimized with the Yoast SEO plugin v27.5 - https:\/\/yoast.com\/product\/yoast-seo-wordpress\/ -->\n<title>Productos - Malibi Markina<\/title>\n<meta name=\"robots\" content=\"index, follow, max-snippet:-1, max-image-preview:large, max-video-preview:-1\" \/>\n<link rel=\"canonical\" href=\"https:\/\/malibimarkina.com\/pt\/productos-2\/\" \/>\n<meta property=\"og:locale\" content=\"pt_PT\" \/>\n<meta property=\"og:type\" content=\"article\" \/>\n<meta property=\"og:title\" content=\"Productos - Malibi Markina\" \/>\n<meta property=\"og:description\" content=\"Nuestros Productos CABLE CALEFACTOR FLEXIBLE + INFORMACI\u00d3N CER\u00c1MICA ELECTROTERMICA + IINFORMACI\u00d3N RESISTENCIAS BLINDADAS + INFORMACI\u00d3N BORNAS DE DERIVACI\u00d3N + INFORMACI\u00d3N\" \/>\n<meta property=\"og:url\" content=\"https:\/\/malibimarkina.com\/pt\/productos-2\/\" \/>\n<meta property=\"og:site_name\" content=\"Malibi Markina\" \/>\n<meta property=\"article:modified_time\" content=\"2023-03-30T16:20:31+00:00\" \/>\n<meta property=\"og:image\" content=\"https:\/\/malibimarkina.com\/wp-content\/uploads\/2023\/03\/prod01.jpg\" \/>\n<meta name=\"twitter:card\" content=\"summary_large_image\" \/>\n<meta name=\"twitter:label1\" content=\"Tempo estimado de leitura\" \/>\n\t<meta name=\"twitter:data1\" content=\"1 minuto\" \/>\n<script type=\"application\/ld+json\" class=\"yoast-schema-graph\">{\"@context\":\"https:\\\/\\\/schema.org\",\"@graph\":[{\"@type\":\"WebPage\",\"@id\":\"https:\\\/\\\/malibimarkina.com\\\/productos-2\\\/\",\"url\":\"https:\\\/\\\/malibimarkina.com\\\/productos-2\\\/\",\"name\":\"Productos - Malibi Markina\",\"isPartOf\":{\"@id\":\"https:\\\/\\\/malibimarkina.com\\\/#website\"},\"primaryImageOfPage\":{\"@id\":\"https:\\\/\\\/malibimarkina.com\\\/productos-2\\\/#primaryimage\"},\"image\":{\"@id\":\"https:\\\/\\\/malibimarkina.com\\\/productos-2\\\/#primaryimage\"},\"thumbnailUrl\":\"https:\\\/\\\/malibimarkina.com\\\/wp-content\\\/uploads\\\/2023\\\/03\\\/prod01.jpg\",\"datePublished\":\"2023-02-24T16:10:40+00:00\",\"dateModified\":\"2023-03-30T16:20:31+00:00\",\"breadcrumb\":{\"@id\":\"https:\\\/\\\/malibimarkina.com\\\/productos-2\\\/#breadcrumb\"},\"inLanguage\":\"pt-PT\",\"potentialAction\":[{\"@type\":\"ReadAction\",\"target\":[\"https:\\\/\\\/malibimarkina.com\\\/productos-2\\\/\"]}]},{\"@type\":\"ImageObject\",\"inLanguage\":\"pt-PT\",\"@id\":\"https:\\\/\\\/malibimarkina.com\\\/productos-2\\\/#primaryimage\",\"url\":\"https:\\\/\\\/malibimarkina.com\\\/wp-content\\\/uploads\\\/2023\\\/03\\\/prod01.jpg\",\"contentUrl\":\"https:\\\/\\\/malibimarkina.com\\\/wp-content\\\/uploads\\\/2023\\\/03\\\/prod01.jpg\"},{\"@type\":\"BreadcrumbList\",\"@id\":\"https:\\\/\\\/malibimarkina.com\\\/productos-2\\\/#breadcrumb\",\"itemListElement\":[{\"@type\":\"ListItem\",\"position\":1,\"name\":\"Home\",\"item\":\"https:\\\/\\\/malibimarkina.com\\\/\"},{\"@type\":\"ListItem\",\"position\":2,\"name\":\"Productos\"}]},{\"@type\":\"WebSite\",\"@id\":\"https:\\\/\\\/malibimarkina.com\\\/#website\",\"url\":\"https:\\\/\\\/malibimarkina.com\\\/\",\"name\":\"Malibi Markina\",\"description\":\"Malibi , cuenta  con una experiencia de mas de 40 a\u00f1os en el dise\u00f1o y la fabricaci\u00f3n de resistencias el\u00e9ctricas.\",\"publisher\":{\"@id\":\"https:\\\/\\\/malibimarkina.com\\\/#organization\"},\"potentialAction\":[{\"@type\":\"SearchAction\",\"target\":{\"@type\":\"EntryPoint\",\"urlTemplate\":\"https:\\\/\\\/malibimarkina.com\\\/?s={search_term_string}\"},\"query-input\":{\"@type\":\"PropertyValueSpecification\",\"valueRequired\":true,\"valueName\":\"search_term_string\"}}],\"inLanguage\":\"pt-PT\"},{\"@type\":\"Organization\",\"@id\":\"https:\\\/\\\/malibimarkina.com\\\/#organization\",\"name\":\"Malibi Markina\",\"url\":\"https:\\\/\\\/malibimarkina.com\\\/\",\"logo\":{\"@type\":\"ImageObject\",\"inLanguage\":\"pt-PT\",\"@id\":\"https:\\\/\\\/malibimarkina.com\\\/#\\\/schema\\\/logo\\\/image\\\/\",\"url\":\"https:\\\/\\\/malibimarkina.com\\\/wp-content\\\/uploads\\\/2023\\\/02\\\/cropped-barelcaserio.png\",\"contentUrl\":\"https:\\\/\\\/malibimarkina.com\\\/wp-content\\\/uploads\\\/2023\\\/02\\\/cropped-barelcaserio.png\",\"width\":200,\"height\":90,\"caption\":\"Malibi Markina\"},\"image\":{\"@id\":\"https:\\\/\\\/malibimarkina.com\\\/#\\\/schema\\\/logo\\\/image\\\/\"}}]}<\/script>\n<!-- \/ Yoast SEO plugin. -->","yoast_head_json":{"title":"Productos - Malibi Markina","robots":{"index":"index","follow":"follow","max-snippet":"max-snippet:-1","max-image-preview":"max-image-preview:large","max-video-preview":"max-video-preview:-1"},"canonical":"https:\/\/malibimarkina.com\/pt\/productos-2\/","og_locale":"pt_PT","og_type":"article","og_title":"Productos - Malibi Markina","og_description":"Nuestros Productos CABLE CALEFACTOR FLEXIBLE + INFORMACI\u00d3N CER\u00c1MICA ELECTROTERMICA + IINFORMACI\u00d3N RESISTENCIAS BLINDADAS + INFORMACI\u00d3N BORNAS DE DERIVACI\u00d3N + INFORMACI\u00d3N","og_url":"https:\/\/malibimarkina.com\/pt\/productos-2\/","og_site_name":"Malibi Markina","article_modified_time":"2023-03-30T16:20:31+00:00","og_image":[{"url":"https:\/\/malibimarkina.com\/wp-content\/uploads\/2023\/03\/prod01.jpg","type":"","width":"","height":""}],"twitter_card":"summary_large_image","twitter_misc":{"Tempo estimado de leitura":"1 minuto"},"schema":{"@context":"https:\/\/schema.org","@graph":[{"@type":"WebPage","@id":"https:\/\/malibimarkina.com\/productos-2\/","url":"https:\/\/malibimarkina.com\/productos-2\/","name":"Productos - Malibi Markina","isPartOf":{"@id":"https:\/\/malibimarkina.com\/#website"},"primaryImageOfPage":{"@id":"https:\/\/malibimarkina.com\/productos-2\/#primaryimage"},"image":{"@id":"https:\/\/malibimarkina.com\/productos-2\/#primaryimage"},"thumbnailUrl":"https:\/\/malibimarkina.com\/wp-content\/uploads\/2023\/03\/prod01.jpg","datePublished":"2023-02-24T16:10:40+00:00","dateModified":"2023-03-30T16:20:31+00:00","breadcrumb":{"@id":"https:\/\/malibimarkina.com\/productos-2\/#breadcrumb"},"inLanguage":"pt-PT","potentialAction":[{"@type":"ReadAction","target":["https:\/\/malibimarkina.com\/productos-2\/"]}]},{"@type":"ImageObject","inLanguage":"pt-PT","@id":"https:\/\/malibimarkina.com\/productos-2\/#primaryimage","url":"https:\/\/malibimarkina.com\/wp-content\/uploads\/2023\/03\/prod01.jpg","contentUrl":"https:\/\/malibimarkina.com\/wp-content\/uploads\/2023\/03\/prod01.jpg"},{"@type":"BreadcrumbList","@id":"https:\/\/malibimarkina.com\/productos-2\/#breadcrumb","itemListElement":[{"@type":"ListItem","position":1,"name":"Home","item":"https:\/\/malibimarkina.com\/"},{"@type":"ListItem","position":2,"name":"Productos"}]},{"@type":"WebSite","@id":"https:\/\/malibimarkina.com\/#website","url":"https:\/\/malibimarkina.com\/","name":"Malibi Markina","description":"Malibi , cuenta  con una experiencia de mas de 40 a\u00f1os en el dise\u00f1o y la fabricaci\u00f3n de resistencias el\u00e9ctricas.","publisher":{"@id":"https:\/\/malibimarkina.com\/#organization"},"potentialAction":[{"@type":"SearchAction","target":{"@type":"EntryPoint","urlTemplate":"https:\/\/malibimarkina.com\/?s={search_term_string}"},"query-input":{"@type":"PropertyValueSpecification","valueRequired":true,"valueName":"search_term_string"}}],"inLanguage":"pt-PT"},{"@type":"Organization","@id":"https:\/\/malibimarkina.com\/#organization","name":"Malibi Markina","url":"https:\/\/malibimarkina.com\/","logo":{"@type":"ImageObject","inLanguage":"pt-PT","@id":"https:\/\/malibimarkina.com\/#\/schema\/logo\/image\/","url":"https:\/\/malibimarkina.com\/wp-content\/uploads\/2023\/02\/cropped-barelcaserio.png","contentUrl":"https:\/\/malibimarkina.com\/wp-content\/uploads\/2023\/02\/cropped-barelcaserio.png","width":200,"height":90,"caption":"Malibi Markina"},"image":{"@id":"https:\/\/malibimarkina.com\/#\/schema\/logo\/image\/"}}]}},"_links":{"self":[{"href":"https:\/\/malibimarkina.com\/pt\/wp-json\/wp\/v2\/pages\/10","targetHints":{"allow":["GET"]}}],"collection":[{"href":"https:\/\/malibimarkina.com\/pt\/wp-json\/wp\/v2\/pages"}],"about":[{"href":"https:\/\/malibimarkina.com\/pt\/wp-json\/wp\/v2\/types\/page"}],"author":[{"embeddable":true,"href":"https:\/\/malibimarkina.com\/pt\/wp-json\/wp\/v2\/users\/1"}],"replies":[{"embeddable":true,"href":"https:\/\/malibimarkina.com\/pt\/wp-json\/wp\/v2\/comments?post=10"}],"version-history":[{"count":22,"href":"https:\/\/malibimarkina.com\/pt\/wp-json\/wp\/v2\/pages\/10\/revisions"}],"predecessor-version":[{"id":848,"href":"https:\/\/malibimarkina.com\/pt\/wp-json\/wp\/v2\/pages\/10\/revisions\/848"}],"wp:attachment":[{"href":"https:\/\/malibimarkina.com\/pt\/wp-json\/wp\/v2\/media?parent=10"}],"curies":[{"name":"wp","href":"https:\/\/api.w.org\/{rel}","templated":true}]}}