{"id":496,"date":"2023-03-12T22:35:49","date_gmt":"2023-03-12T22:35:49","guid":{"rendered":"https:\/\/web.rkinformatika.net\/malibimarkina\/?page_id=496"},"modified":"2023-03-12T22:43:43","modified_gmt":"2023-03-12T22:43:43","slug":"ceramica-electrotermica","status":"publish","type":"page","link":"https:\/\/malibimarkina.com\/pt\/ceramica-electrotermica\/","title":{"rendered":"Cer\u00e2mica Eletrot\u00e9rmica"},"content":{"rendered":"<div data-elementor-type=\"wp-page\" data-elementor-id=\"496\" class=\"elementor elementor-496\" data-elementor-post-type=\"page\">\n\t\t\t\t\t\t<section class=\"elementor-section elementor-top-section elementor-element elementor-element-566e9d1 elementor-section-boxed elementor-section-height-default elementor-section-height-default\" data-id=\"566e9d1\" data-element_type=\"section\" data-e-type=\"section\">\n\t\t\t\t\t\t<div class=\"elementor-container elementor-column-gap-default\">\n\t\t\t\t\t<div class=\"elementor-column elementor-col-100 elementor-top-column elementor-element elementor-element-f3fbd9a\" data-id=\"f3fbd9a\" data-element_type=\"column\" data-e-type=\"column\">\n\t\t\t<div class=\"elementor-widget-wrap elementor-element-populated\">\n\t\t\t\t\t\t<div class=\"elementor-element elementor-element-75ef99e elementor-widget elementor-widget-heading\" data-id=\"75ef99e\" data-element_type=\"widget\" data-e-type=\"widget\" data-widget_type=\"heading.default\">\n\t\t\t\t<div class=\"elementor-widget-container\">\n\t\t\t\t\t<h2 class=\"elementor-heading-title elementor-size-default\">CER\u00c1MICA ELECTROT\u00c9RMICA<\/h2>\t\t\t\t<\/div>\n\t\t\t\t<\/div>\n\t\t\t\t\t<\/div>\n\t\t<\/div>\n\t\t\t\t\t<\/div>\n\t\t<\/section>\n\t\t\t\t<section class=\"elementor-section elementor-top-section elementor-element elementor-element-b078dc3 elementor-section-boxed elementor-section-height-default elementor-section-height-default\" data-id=\"b078dc3\" data-element_type=\"section\" data-e-type=\"section\">\n\t\t\t\t\t\t<div class=\"elementor-container elementor-column-gap-default\">\n\t\t\t\t\t<div class=\"elementor-column elementor-col-100 elementor-top-column elementor-element elementor-element-ff86827\" data-id=\"ff86827\" data-element_type=\"column\" data-e-type=\"column\">\n\t\t\t<div class=\"elementor-widget-wrap elementor-element-populated\">\n\t\t\t\t\t\t<div class=\"elementor-element elementor-element-2a29cb9 elementor-widget elementor-widget-text-editor\" data-id=\"2a29cb9\" data-element_type=\"widget\" data-e-type=\"widget\" data-widget_type=\"text-editor.default\">\n\t\t\t\t<div class=\"elementor-widget-container\">\n\t\t\t\t\t\t\t\t\t<p class=\"txtnegro\">Fabricamos accesorios cer\u00e1micos a partir de esteatitas y cordieritas\u00a0 que son usados mayoritariamente como aislantes en aplicaciones electrot\u00e9rmicas hasta 1.200\u00ba C.<\/p><p class=\"txtnegro\">Algunos de ellos, son los elementos que nos sirven de soporte en la fabricaci\u00f3n de numerosos tipos de resistencias.<\/p>\t\t\t\t\t\t\t\t<\/div>\n\t\t\t\t<\/div>\n\t\t\t\t\t<\/div>\n\t\t<\/div>\n\t\t\t\t\t<\/div>\n\t\t<\/section>\n\t\t\t\t<section class=\"elementor-section elementor-top-section elementor-element elementor-element-d17061e elementor-section-boxed elementor-section-height-default elementor-section-height-default\" data-id=\"d17061e\" data-element_type=\"section\" data-e-type=\"section\">\n\t\t\t\t\t\t<div class=\"elementor-container elementor-column-gap-default\">\n\t\t\t\t\t<div class=\"elementor-column elementor-col-100 elementor-top-column elementor-element elementor-element-5859a4d\" data-id=\"5859a4d\" data-element_type=\"column\" data-e-type=\"column\">\n\t\t\t<div class=\"elementor-widget-wrap elementor-element-populated\">\n\t\t\t\t\t\t<div class=\"elementor-element elementor-element-059cbf8 gallery-spacing-custom elementor-widget elementor-widget-image-gallery\" data-id=\"059cbf8\" data-element_type=\"widget\" data-e-type=\"widget\" data-widget_type=\"image-gallery.default\">\n\t\t\t\t<div class=\"elementor-widget-container\">\n\t\t\t\t\t\t\t<div class=\"elementor-image-gallery\">\n\t\t\t<div id='gallery-1' class='gallery galleryid-496 gallery-columns-3 gallery-size-full'><figure class='gallery-item'>\n\t\t\t<div class='gallery-icon landscape'>\n\t\t\t\t<a data-elementor-open-lightbox=\"yes\" data-elementor-lightbox-slideshow=\"059cbf8\" data-elementor-lightbox-title=\"prod02-1-1g\" data-e-action-hash=\"#elementor-action%3Aaction%3Dlightbox%26settings%3DeyJpZCI6NTAyLCJ1cmwiOiJodHRwczpcL1wvbWFsaWJpbWFya2luYS5jb21cL3dwLWNvbnRlbnRcL3VwbG9hZHNcLzIwMjNcLzAzXC9wcm9kMDItMS0xZy5qcGciLCJzbGlkZXNob3ciOiIwNTljYmY4In0%3D\" href='https:\/\/malibimarkina.com\/wp-content\/uploads\/2023\/03\/prod02-1-1g.jpg'><img fetchpriority=\"high\" decoding=\"async\" width=\"650\" height=\"429\" src=\"https:\/\/malibimarkina.com\/wp-content\/uploads\/2023\/03\/prod02-1-1g.jpg\" class=\"attachment-full size-full\" alt=\"\" srcset=\"https:\/\/malibimarkina.com\/wp-content\/uploads\/2023\/03\/prod02-1-1g.jpg 650w, https:\/\/malibimarkina.com\/wp-content\/uploads\/2023\/03\/prod02-1-1g-300x198.jpg 300w\" sizes=\"(max-width: 650px) 100vw, 650px\" \/><\/a>\n\t\t\t<\/div><\/figure><figure class='gallery-item'>\n\t\t\t<div class='gallery-icon landscape'>\n\t\t\t\t<a data-elementor-open-lightbox=\"yes\" data-elementor-lightbox-slideshow=\"059cbf8\" data-elementor-lightbox-title=\"prod02-1-2g\" data-e-action-hash=\"#elementor-action%3Aaction%3Dlightbox%26settings%3DeyJpZCI6NTAzLCJ1cmwiOiJodHRwczpcL1wvbWFsaWJpbWFya2luYS5jb21cL3dwLWNvbnRlbnRcL3VwbG9hZHNcLzIwMjNcLzAzXC9wcm9kMDItMS0yZy5qcGciLCJzbGlkZXNob3ciOiIwNTljYmY4In0%3D\" href='https:\/\/malibimarkina.com\/wp-content\/uploads\/2023\/03\/prod02-1-2g.jpg'><img decoding=\"async\" width=\"650\" height=\"429\" src=\"https:\/\/malibimarkina.com\/wp-content\/uploads\/2023\/03\/prod02-1-2g.jpg\" class=\"attachment-full size-full\" alt=\"\" srcset=\"https:\/\/malibimarkina.com\/wp-content\/uploads\/2023\/03\/prod02-1-2g.jpg 650w, https:\/\/malibimarkina.com\/wp-content\/uploads\/2023\/03\/prod02-1-2g-300x198.jpg 300w\" sizes=\"(max-width: 650px) 100vw, 650px\" \/><\/a>\n\t\t\t<\/div><\/figure><figure class='gallery-item'>\n\t\t\t<div class='gallery-icon landscape'>\n\t\t\t\t<a data-elementor-open-lightbox=\"yes\" data-elementor-lightbox-slideshow=\"059cbf8\" data-elementor-lightbox-title=\"prod02-1-4g\" data-e-action-hash=\"#elementor-action%3Aaction%3Dlightbox%26settings%3DeyJpZCI6NTA0LCJ1cmwiOiJodHRwczpcL1wvbWFsaWJpbWFya2luYS5jb21cL3dwLWNvbnRlbnRcL3VwbG9hZHNcLzIwMjNcLzAzXC9wcm9kMDItMS00Zy5qcGciLCJzbGlkZXNob3ciOiIwNTljYmY4In0%3D\" href='https:\/\/malibimarkina.com\/wp-content\/uploads\/2023\/03\/prod02-1-4g.jpg'><img decoding=\"async\" width=\"650\" height=\"429\" src=\"https:\/\/malibimarkina.com\/wp-content\/uploads\/2023\/03\/prod02-1-4g.jpg\" class=\"attachment-full size-full\" alt=\"\" srcset=\"https:\/\/malibimarkina.com\/wp-content\/uploads\/2023\/03\/prod02-1-4g.jpg 650w, https:\/\/malibimarkina.com\/wp-content\/uploads\/2023\/03\/prod02-1-4g-300x198.jpg 300w\" sizes=\"(max-width: 650px) 100vw, 650px\" \/><\/a>\n\t\t\t<\/div><\/figure><figure class='gallery-item'>\n\t\t\t<div class='gallery-icon landscape'>\n\t\t\t\t<a data-elementor-open-lightbox=\"yes\" data-elementor-lightbox-slideshow=\"059cbf8\" data-elementor-lightbox-title=\"prod02-1-3g\" data-e-action-hash=\"#elementor-action%3Aaction%3Dlightbox%26settings%3DeyJpZCI6NTA1LCJ1cmwiOiJodHRwczpcL1wvbWFsaWJpbWFya2luYS5jb21cL3dwLWNvbnRlbnRcL3VwbG9hZHNcLzIwMjNcLzAzXC9wcm9kMDItMS0zZy5qcGciLCJzbGlkZXNob3ciOiIwNTljYmY4In0%3D\" href='https:\/\/malibimarkina.com\/wp-content\/uploads\/2023\/03\/prod02-1-3g.jpg'><img loading=\"lazy\" decoding=\"async\" width=\"650\" height=\"429\" src=\"https:\/\/malibimarkina.com\/wp-content\/uploads\/2023\/03\/prod02-1-3g.jpg\" class=\"attachment-full size-full\" alt=\"\" srcset=\"https:\/\/malibimarkina.com\/wp-content\/uploads\/2023\/03\/prod02-1-3g.jpg 650w, https:\/\/malibimarkina.com\/wp-content\/uploads\/2023\/03\/prod02-1-3g-300x198.jpg 300w\" sizes=\"(max-width: 650px) 100vw, 650px\" \/><\/a>\n\t\t\t<\/div><\/figure><figure class='gallery-item'>\n\t\t\t<div class='gallery-icon landscape'>\n\t\t\t\t<a data-elementor-open-lightbox=\"yes\" data-elementor-lightbox-slideshow=\"059cbf8\" data-elementor-lightbox-title=\"prod02-1-5g\" data-e-action-hash=\"#elementor-action%3Aaction%3Dlightbox%26settings%3DeyJpZCI6NTA2LCJ1cmwiOiJodHRwczpcL1wvbWFsaWJpbWFya2luYS5jb21cL3dwLWNvbnRlbnRcL3VwbG9hZHNcLzIwMjNcLzAzXC9wcm9kMDItMS01Zy5qcGciLCJzbGlkZXNob3ciOiIwNTljYmY4In0%3D\" href='https:\/\/malibimarkina.com\/wp-content\/uploads\/2023\/03\/prod02-1-5g.jpg'><img loading=\"lazy\" decoding=\"async\" width=\"650\" height=\"429\" src=\"https:\/\/malibimarkina.com\/wp-content\/uploads\/2023\/03\/prod02-1-5g.jpg\" class=\"attachment-full size-full\" alt=\"\" srcset=\"https:\/\/malibimarkina.com\/wp-content\/uploads\/2023\/03\/prod02-1-5g.jpg 650w, https:\/\/malibimarkina.com\/wp-content\/uploads\/2023\/03\/prod02-1-5g-300x198.jpg 300w\" sizes=\"(max-width: 650px) 100vw, 650px\" \/><\/a>\n\t\t\t<\/div><\/figure><figure class='gallery-item'>\n\t\t\t<div class='gallery-icon landscape'>\n\t\t\t\t<a data-elementor-open-lightbox=\"yes\" data-elementor-lightbox-slideshow=\"059cbf8\" data-elementor-lightbox-title=\"prod02-1-6g\" data-e-action-hash=\"#elementor-action%3Aaction%3Dlightbox%26settings%3DeyJpZCI6NTA3LCJ1cmwiOiJodHRwczpcL1wvbWFsaWJpbWFya2luYS5jb21cL3dwLWNvbnRlbnRcL3VwbG9hZHNcLzIwMjNcLzAzXC9wcm9kMDItMS02Zy5qcGciLCJzbGlkZXNob3ciOiIwNTljYmY4In0%3D\" href='https:\/\/malibimarkina.com\/wp-content\/uploads\/2023\/03\/prod02-1-6g.jpg'><img loading=\"lazy\" decoding=\"async\" width=\"650\" height=\"429\" src=\"https:\/\/malibimarkina.com\/wp-content\/uploads\/2023\/03\/prod02-1-6g.jpg\" class=\"attachment-full size-full\" alt=\"\" srcset=\"https:\/\/malibimarkina.com\/wp-content\/uploads\/2023\/03\/prod02-1-6g.jpg 650w, https:\/\/malibimarkina.com\/wp-content\/uploads\/2023\/03\/prod02-1-6g-300x198.jpg 300w\" sizes=\"(max-width: 650px) 100vw, 650px\" \/><\/a>\n\t\t\t<\/div><\/figure>\n\t\t<\/div>\n\t\t<\/div>\n\t\t\t\t\t\t<\/div>\n\t\t\t\t<\/div>\n\t\t\t\t\t<\/div>\n\t\t<\/div>\n\t\t\t\t\t<\/div>\n\t\t<\/section>\n\t\t\t\t<\/div>","protected":false},"excerpt":{"rendered":"<p>CER\u00c1MICA ELECTROT\u00c9RMICA Fabricamos accesorios cer\u00e1micos a partir de esteatitas y cordieritas\u00a0 que son usados mayoritariamente como aislantes en aplicaciones electrot\u00e9rmicas hasta 1.200\u00ba C. Algunos de ellos, son los elementos que nos sirven de soporte en la fabricaci\u00f3n de numerosos tipos de resistencias.<\/p>","protected":false},"author":1,"featured_media":0,"parent":0,"menu_order":0,"comment_status":"closed","ping_status":"closed","template":"elementor_canvas","meta":{"footnotes":""},"class_list":["post-496","page","type-page","status-publish","hentry"],"yoast_head":"<!-- This site is optimized with the Yoast SEO plugin v27.4 - https:\/\/yoast.com\/product\/yoast-seo-wordpress\/ -->\n<title>Cer\u00e1mica Electrot\u00e9rmica - Malibi Markina<\/title>\n<meta name=\"robots\" content=\"index, follow, max-snippet:-1, max-image-preview:large, max-video-preview:-1\" \/>\n<link rel=\"canonical\" href=\"https:\/\/malibimarkina.com\/pt\/ceramica-electrotermica\/\" \/>\n<meta property=\"og:locale\" content=\"pt_PT\" \/>\n<meta property=\"og:type\" content=\"article\" \/>\n<meta property=\"og:title\" content=\"Cer\u00e1mica Electrot\u00e9rmica - Malibi Markina\" \/>\n<meta property=\"og:description\" content=\"CER\u00c1MICA ELECTROT\u00c9RMICA Fabricamos accesorios cer\u00e1micos a partir de esteatitas y cordieritas\u00a0 que son usados mayoritariamente como aislantes en aplicaciones electrot\u00e9rmicas hasta 1.200\u00ba C. Algunos de ellos, son los elementos que nos sirven de soporte en la fabricaci\u00f3n de numerosos tipos de resistencias.\" \/>\n<meta property=\"og:url\" content=\"https:\/\/malibimarkina.com\/pt\/ceramica-electrotermica\/\" \/>\n<meta property=\"og:site_name\" content=\"Malibi Markina\" \/>\n<meta property=\"article:modified_time\" content=\"2023-03-12T22:43:43+00:00\" \/>\n<meta property=\"og:image\" content=\"https:\/\/malibimarkina.com\/wp-content\/uploads\/2023\/03\/prod02-1-1g.jpg\" \/>\n<meta name=\"twitter:card\" content=\"summary_large_image\" \/>\n<meta name=\"twitter:label1\" content=\"Tempo estimado de leitura\" \/>\n\t<meta name=\"twitter:data1\" content=\"2 minutos\" \/>\n<script type=\"application\/ld+json\" class=\"yoast-schema-graph\">{\"@context\":\"https:\\\/\\\/schema.org\",\"@graph\":[{\"@type\":\"WebPage\",\"@id\":\"https:\\\/\\\/malibimarkina.com\\\/ceramica-electrotermica\\\/\",\"url\":\"https:\\\/\\\/malibimarkina.com\\\/ceramica-electrotermica\\\/\",\"name\":\"Cer\u00e1mica Electrot\u00e9rmica - Malibi Markina\",\"isPartOf\":{\"@id\":\"https:\\\/\\\/malibimarkina.com\\\/#website\"},\"primaryImageOfPage\":{\"@id\":\"https:\\\/\\\/malibimarkina.com\\\/ceramica-electrotermica\\\/#primaryimage\"},\"image\":{\"@id\":\"https:\\\/\\\/malibimarkina.com\\\/ceramica-electrotermica\\\/#primaryimage\"},\"thumbnailUrl\":\"https:\\\/\\\/malibimarkina.com\\\/wp-content\\\/uploads\\\/2023\\\/03\\\/prod02-1-1g.jpg\",\"datePublished\":\"2023-03-12T22:35:49+00:00\",\"dateModified\":\"2023-03-12T22:43:43+00:00\",\"breadcrumb\":{\"@id\":\"https:\\\/\\\/malibimarkina.com\\\/ceramica-electrotermica\\\/#breadcrumb\"},\"inLanguage\":\"pt-PT\",\"potentialAction\":[{\"@type\":\"ReadAction\",\"target\":[\"https:\\\/\\\/malibimarkina.com\\\/ceramica-electrotermica\\\/\"]}]},{\"@type\":\"ImageObject\",\"inLanguage\":\"pt-PT\",\"@id\":\"https:\\\/\\\/malibimarkina.com\\\/ceramica-electrotermica\\\/#primaryimage\",\"url\":\"https:\\\/\\\/malibimarkina.com\\\/wp-content\\\/uploads\\\/2023\\\/03\\\/prod02-1-1g.jpg\",\"contentUrl\":\"https:\\\/\\\/malibimarkina.com\\\/wp-content\\\/uploads\\\/2023\\\/03\\\/prod02-1-1g.jpg\"},{\"@type\":\"BreadcrumbList\",\"@id\":\"https:\\\/\\\/malibimarkina.com\\\/ceramica-electrotermica\\\/#breadcrumb\",\"itemListElement\":[{\"@type\":\"ListItem\",\"position\":1,\"name\":\"Home\",\"item\":\"https:\\\/\\\/malibimarkina.com\\\/\"},{\"@type\":\"ListItem\",\"position\":2,\"name\":\"Cer\u00e1mica Electrot\u00e9rmica\"}]},{\"@type\":\"WebSite\",\"@id\":\"https:\\\/\\\/malibimarkina.com\\\/#website\",\"url\":\"https:\\\/\\\/malibimarkina.com\\\/\",\"name\":\"Malibi Markina\",\"description\":\"Malibi , cuenta  con una experiencia de mas de 40 a\u00f1os en el dise\u00f1o y la fabricaci\u00f3n de resistencias el\u00e9ctricas.\",\"publisher\":{\"@id\":\"https:\\\/\\\/malibimarkina.com\\\/#organization\"},\"potentialAction\":[{\"@type\":\"SearchAction\",\"target\":{\"@type\":\"EntryPoint\",\"urlTemplate\":\"https:\\\/\\\/malibimarkina.com\\\/?s={search_term_string}\"},\"query-input\":{\"@type\":\"PropertyValueSpecification\",\"valueRequired\":true,\"valueName\":\"search_term_string\"}}],\"inLanguage\":\"pt-PT\"},{\"@type\":\"Organization\",\"@id\":\"https:\\\/\\\/malibimarkina.com\\\/#organization\",\"name\":\"Malibi Markina\",\"url\":\"https:\\\/\\\/malibimarkina.com\\\/\",\"logo\":{\"@type\":\"ImageObject\",\"inLanguage\":\"pt-PT\",\"@id\":\"https:\\\/\\\/malibimarkina.com\\\/#\\\/schema\\\/logo\\\/image\\\/\",\"url\":\"https:\\\/\\\/malibimarkina.com\\\/wp-content\\\/uploads\\\/2023\\\/02\\\/cropped-barelcaserio.png\",\"contentUrl\":\"https:\\\/\\\/malibimarkina.com\\\/wp-content\\\/uploads\\\/2023\\\/02\\\/cropped-barelcaserio.png\",\"width\":200,\"height\":90,\"caption\":\"Malibi Markina\"},\"image\":{\"@id\":\"https:\\\/\\\/malibimarkina.com\\\/#\\\/schema\\\/logo\\\/image\\\/\"}}]}<\/script>\n<!-- \/ Yoast SEO plugin. -->","yoast_head_json":{"title":"Cer\u00e1mica Electrot\u00e9rmica - Malibi Markina","robots":{"index":"index","follow":"follow","max-snippet":"max-snippet:-1","max-image-preview":"max-image-preview:large","max-video-preview":"max-video-preview:-1"},"canonical":"https:\/\/malibimarkina.com\/pt\/ceramica-electrotermica\/","og_locale":"pt_PT","og_type":"article","og_title":"Cer\u00e1mica Electrot\u00e9rmica - Malibi Markina","og_description":"CER\u00c1MICA ELECTROT\u00c9RMICA Fabricamos accesorios cer\u00e1micos a partir de esteatitas y cordieritas\u00a0 que son usados mayoritariamente como aislantes en aplicaciones electrot\u00e9rmicas hasta 1.200\u00ba C. Algunos de ellos, son los elementos que nos sirven de soporte en la fabricaci\u00f3n de numerosos tipos de resistencias.","og_url":"https:\/\/malibimarkina.com\/pt\/ceramica-electrotermica\/","og_site_name":"Malibi Markina","article_modified_time":"2023-03-12T22:43:43+00:00","og_image":[{"url":"https:\/\/malibimarkina.com\/wp-content\/uploads\/2023\/03\/prod02-1-1g.jpg","type":"","width":"","height":""}],"twitter_card":"summary_large_image","twitter_misc":{"Tempo estimado de leitura":"2 minutos"},"schema":{"@context":"https:\/\/schema.org","@graph":[{"@type":"WebPage","@id":"https:\/\/malibimarkina.com\/ceramica-electrotermica\/","url":"https:\/\/malibimarkina.com\/ceramica-electrotermica\/","name":"Cer\u00e1mica Electrot\u00e9rmica - Malibi Markina","isPartOf":{"@id":"https:\/\/malibimarkina.com\/#website"},"primaryImageOfPage":{"@id":"https:\/\/malibimarkina.com\/ceramica-electrotermica\/#primaryimage"},"image":{"@id":"https:\/\/malibimarkina.com\/ceramica-electrotermica\/#primaryimage"},"thumbnailUrl":"https:\/\/malibimarkina.com\/wp-content\/uploads\/2023\/03\/prod02-1-1g.jpg","datePublished":"2023-03-12T22:35:49+00:00","dateModified":"2023-03-12T22:43:43+00:00","breadcrumb":{"@id":"https:\/\/malibimarkina.com\/ceramica-electrotermica\/#breadcrumb"},"inLanguage":"pt-PT","potentialAction":[{"@type":"ReadAction","target":["https:\/\/malibimarkina.com\/ceramica-electrotermica\/"]}]},{"@type":"ImageObject","inLanguage":"pt-PT","@id":"https:\/\/malibimarkina.com\/ceramica-electrotermica\/#primaryimage","url":"https:\/\/malibimarkina.com\/wp-content\/uploads\/2023\/03\/prod02-1-1g.jpg","contentUrl":"https:\/\/malibimarkina.com\/wp-content\/uploads\/2023\/03\/prod02-1-1g.jpg"},{"@type":"BreadcrumbList","@id":"https:\/\/malibimarkina.com\/ceramica-electrotermica\/#breadcrumb","itemListElement":[{"@type":"ListItem","position":1,"name":"Home","item":"https:\/\/malibimarkina.com\/"},{"@type":"ListItem","position":2,"name":"Cer\u00e1mica Electrot\u00e9rmica"}]},{"@type":"WebSite","@id":"https:\/\/malibimarkina.com\/#website","url":"https:\/\/malibimarkina.com\/","name":"Malibi Markina","description":"Malibi , cuenta  con una experiencia de mas de 40 a\u00f1os en el dise\u00f1o y la fabricaci\u00f3n de resistencias el\u00e9ctricas.","publisher":{"@id":"https:\/\/malibimarkina.com\/#organization"},"potentialAction":[{"@type":"SearchAction","target":{"@type":"EntryPoint","urlTemplate":"https:\/\/malibimarkina.com\/?s={search_term_string}"},"query-input":{"@type":"PropertyValueSpecification","valueRequired":true,"valueName":"search_term_string"}}],"inLanguage":"pt-PT"},{"@type":"Organization","@id":"https:\/\/malibimarkina.com\/#organization","name":"Malibi Markina","url":"https:\/\/malibimarkina.com\/","logo":{"@type":"ImageObject","inLanguage":"pt-PT","@id":"https:\/\/malibimarkina.com\/#\/schema\/logo\/image\/","url":"https:\/\/malibimarkina.com\/wp-content\/uploads\/2023\/02\/cropped-barelcaserio.png","contentUrl":"https:\/\/malibimarkina.com\/wp-content\/uploads\/2023\/02\/cropped-barelcaserio.png","width":200,"height":90,"caption":"Malibi Markina"},"image":{"@id":"https:\/\/malibimarkina.com\/#\/schema\/logo\/image\/"}}]}},"_links":{"self":[{"href":"https:\/\/malibimarkina.com\/pt\/wp-json\/wp\/v2\/pages\/496","targetHints":{"allow":["GET"]}}],"collection":[{"href":"https:\/\/malibimarkina.com\/pt\/wp-json\/wp\/v2\/pages"}],"about":[{"href":"https:\/\/malibimarkina.com\/pt\/wp-json\/wp\/v2\/types\/page"}],"author":[{"embeddable":true,"href":"https:\/\/malibimarkina.com\/pt\/wp-json\/wp\/v2\/users\/1"}],"replies":[{"embeddable":true,"href":"https:\/\/malibimarkina.com\/pt\/wp-json\/wp\/v2\/comments?post=496"}],"version-history":[{"count":10,"href":"https:\/\/malibimarkina.com\/pt\/wp-json\/wp\/v2\/pages\/496\/revisions"}],"predecessor-version":[{"id":522,"href":"https:\/\/malibimarkina.com\/pt\/wp-json\/wp\/v2\/pages\/496\/revisions\/522"}],"wp:attachment":[{"href":"https:\/\/malibimarkina.com\/pt\/wp-json\/wp\/v2\/media?parent=496"}],"curies":[{"name":"wp","href":"https:\/\/api.w.org\/{rel}","templated":true}]}}